{"id":1868,"date":"2019-04-03T14:22:40","date_gmt":"2019-04-03T14:22:40","guid":{"rendered":"https:\/\/dev30sc.tobecode.com\/rent-a-car\/"},"modified":"2019-04-08T08:56:33","modified_gmt":"2019-04-08T08:56:33","slug":"rent-a-car","status":"publish","type":"page","link":"https:\/\/hoteltarsis.com\/ro\/rent-a-car\/","title":{"rendered":"Rent a car"},"content":{"rendered":"<p>[vc_row][vc_column]<div class=\"title-wrapper  basel-title-color-default basel-title-style-default basel-title-size-default text-center \"><span class=\"title-subtitle font-default\">Ask at Front Desk upon arrival<\/span><div class=\"liner-continer\"> <span class=\"left-line\"><\/span> <h4 class=\"title\" >Rent-a-Car<span class=\"title-separator\"><span><\/span><\/span><\/h4> <span class=\"right-line\"><\/span> <\/div><\/div>[\/vc_column][\/vc_row][vc_row][vc_column][vc_single_image image=&#8221;25&#8243; img_size=&#8221;full&#8221; alignment=&#8221;center&#8221;][vc_single_image image=&#8221;196&#8243; img_size=&#8221;large&#8221; alignment=&#8221;center&#8221;][\/vc_column][\/vc_row][vc_row][vc_column width=&#8221;1\/6&#8243;][\/vc_column][vc_column width=&#8221;2\/3&#8243;][vc_column_text]<\/p>\n<ul>\n<li style=\"text-align: left;\"><span style=\"font-weight: 400;\">Profita\u021bi de ofertele partenerilor no\u0219tri, pentru \u00eenchirierea rapid\u0103 \u0219i u\u0219oar\u0103 a unui automobil adecvat cu diverse caracteristici. Oferim autoturisme de \u00eenchiriat de la diferite tipuri, num\u0103r de pasageri \u0219i echipamente.<\/span><\/li>\n<li style=\"text-align: left;\"><span style=\"font-weight: 400;\">\u00centreba\u021bi la recep\u021bie la sosire!<\/span><\/li>\n<\/ul>\n<p>[\/vc_column_text][\/vc_column][vc_column width=&#8221;1\/6&#8243;][\/vc_column][\/vc_row]<\/p>\n","protected":false},"excerpt":{"rendered":"<p>[vc_row][vc_column][\/vc_column][\/vc_row][vc_row][vc_column][vc_single_image image=&#8221;25&#8243; img_size=&#8221;full&#8221; alignment=&#8221;center&#8221;][vc_single_image image=&#8221;196&#8243; img_size=&#8221;large&#8221; alignment=&#8221;center&#8221;][\/vc_column][\/vc_row][vc_row][vc_column width=&#8221;1\/6&#8243;][\/vc_column][vc_column width=&#8221;2\/3&#8243;][vc_column_text] Profita\u021bi de ofertele partenerilor no\u0219tri, pentru \u00eenchirierea rapid\u0103 \u0219i u\u0219oar\u0103 a<\/p>\n","protected":false},"author":1,"featured_media":0,"parent":0,"menu_order":0,"comment_status":"closed","ping_status":"closed","template":"","meta":{"footnotes":""},"class_list":["post-1868","page","type-page","status-publish","hentry"],"aioseo_notices":[],"_links":{"self":[{"href":"https:\/\/hoteltarsis.com\/ro\/wp-json\/wp\/v2\/pages\/1868","targetHints":{"allow":["GET"]}}],"collection":[{"href":"https:\/\/hoteltarsis.com\/ro\/wp-json\/wp\/v2\/pages"}],"about":[{"href":"https:\/\/hoteltarsis.com\/ro\/wp-json\/wp\/v2\/types\/page"}],"author":[{"embeddable":true,"href":"https:\/\/hoteltarsis.com\/ro\/wp-json\/wp\/v2\/users\/1"}],"replies":[{"embeddable":true,"href":"https:\/\/hoteltarsis.com\/ro\/wp-json\/wp\/v2\/comments?post=1868"}],"version-history":[{"count":0,"href":"https:\/\/hoteltarsis.com\/ro\/wp-json\/wp\/v2\/pages\/1868\/revisions"}],"wp:attachment":[{"href":"https:\/\/hoteltarsis.com\/ro\/wp-json\/wp\/v2\/media?parent=1868"}],"curies":[{"name":"wp","href":"https:\/\/api.w.org\/{rel}","templated":true}]}}