{"id":1820,"date":"2019-03-14T07:25:37","date_gmt":"2019-03-14T07:25:37","guid":{"rendered":"https:\/\/dev30sc.tobecode.com\/cleaning-services\/"},"modified":"2019-04-11T11:04:50","modified_gmt":"2019-04-11T11:04:50","slug":"cleaning-services","status":"publish","type":"page","link":"https:\/\/hoteltarsis.com\/ro\/cleaning-services\/","title":{"rendered":"Servicii de spalatorie"},"content":{"rendered":"<p>[vc_row][vc_column]<div class=\"title-wrapper  basel-title-color-default basel-title-style-default basel-title-size-default text-center \"><span class=\"title-subtitle font-default\">Cur\u0103\u021barea profesional\u0103<\/span><div class=\"liner-continer\"> <span class=\"left-line\"><\/span> <h4 class=\"title\" >Servicii de spalatorie<span class=\"title-separator\"><span><\/span><\/span><\/h4> <span class=\"right-line\"><\/span> <\/div><\/div>[vc_single_image image=&#8221;25&#8243; img_size=&#8221;full&#8221; alignment=&#8221;center&#8221;][vc_empty_space][\/vc_column][\/vc_row][vc_row][vc_column][vc_single_image image=&#8221;221&#8243; img_size=&#8221;full&#8221; alignment=&#8221;center&#8221; onclick=&#8221;zoom&#8221;][vc_empty_space][\/vc_column][\/vc_row][vc_row][vc_column width=&#8221;1\/6&#8243;][\/vc_column][vc_column width=&#8221;2\/3&#8243;][vc_column_text]<\/p>\n<ul>\n<li style=\"text-align: left;\"><span style=\"font-weight: 400;\">Sp\u0103la\u021bi, usca\u021bi \u0219i c\u0103lca\u021bi hainele \u0219i lenjeria de uz casnic pentru a v\u0103 ar\u0103ta \u00eentotdeauna ex<\/span><span style=\"font-weight: 400;\"> Laudry pentru clien\u021bii corporativi la pre\u021buri preferen\u021biale. C<\/span><span style=\"font-weight: 400;\">e<\/span><span style=\"font-weight: 400;\"> Laudry pentru clien\u021bii corporativi la pre\u021buri preferen\u021biale.<\/span><\/li>\n<li style=\"text-align: left;\"><span style=\"font-weight: 400;\">Verifica\u021bi pe site-ul nostru ce ave\u021bi nevoie \u0219i contacta\u021bi un membru al personalului de la recep\u021bie, care v\u0103 va putea ajuta.<\/span><\/li>\n<li style=\"text-align: left;\"><span style=\"font-weight: 400;\">lent\u0103 \u0219i hainele dvs. pentru a mirosi bine.<\/span><\/li>\n<\/ul>\n<p>[\/vc_column_text][\/vc_column][vc_column width=&#8221;1\/6&#8243;][\/vc_column][\/vc_row]<\/p>\n","protected":false},"excerpt":{"rendered":"<p>[vc_row][vc_column][vc_single_image image=&#8221;25&#8243; img_size=&#8221;full&#8221; alignment=&#8221;center&#8221;][vc_empty_space][\/vc_column][\/vc_row][vc_row][vc_column][vc_single_image image=&#8221;221&#8243; img_size=&#8221;full&#8221; alignment=&#8221;center&#8221; onclick=&#8221;zoom&#8221;][vc_empty_space][\/vc_column][\/vc_row][vc_row][vc_column width=&#8221;1\/6&#8243;][\/vc_column][vc_column width=&#8221;2\/3&#8243;][vc_column_text] Sp\u0103la\u021bi, usca\u021bi \u0219i c\u0103lca\u021bi hainele \u0219i lenjeria de uz casnic<\/p>\n","protected":false},"author":1,"featured_media":0,"parent":0,"menu_order":0,"comment_status":"closed","ping_status":"closed","template":"","meta":{"footnotes":""},"class_list":["post-1820","page","type-page","status-publish","hentry"],"aioseo_notices":[],"_links":{"self":[{"href":"https:\/\/hoteltarsis.com\/ro\/wp-json\/wp\/v2\/pages\/1820","targetHints":{"allow":["GET"]}}],"collection":[{"href":"https:\/\/hoteltarsis.com\/ro\/wp-json\/wp\/v2\/pages"}],"about":[{"href":"https:\/\/hoteltarsis.com\/ro\/wp-json\/wp\/v2\/types\/page"}],"author":[{"embeddable":true,"href":"https:\/\/hoteltarsis.com\/ro\/wp-json\/wp\/v2\/users\/1"}],"replies":[{"embeddable":true,"href":"https:\/\/hoteltarsis.com\/ro\/wp-json\/wp\/v2\/comments?post=1820"}],"version-history":[{"count":0,"href":"https:\/\/hoteltarsis.com\/ro\/wp-json\/wp\/v2\/pages\/1820\/revisions"}],"wp:attachment":[{"href":"https:\/\/hoteltarsis.com\/ro\/wp-json\/wp\/v2\/media?parent=1820"}],"curies":[{"name":"wp","href":"https:\/\/api.w.org\/{rel}","templated":true}]}}