{"id":1197,"date":"2019-03-21T14:52:29","date_gmt":"2019-03-21T14:52:29","guid":{"rendered":"https:\/\/dev30sc.tobecode.com\/%d1%81%d0%bf%d0%b5%d1%86%d0%b8%d0%b0%d0%bb%d0%bd%d0%b8-%d0%bf%d0%b0%d0%ba%d0%b5%d1%82%d0%b8-2\/"},"modified":"2019-04-11T10:01:35","modified_gmt":"2019-04-11T10:01:35","slug":"%d1%81%d0%bf%d0%b5%d1%86%d0%b8%d0%b0%d0%bb%d0%bd%d0%b8-%d0%bf%d0%b0%d0%ba%d0%b5%d1%82%d0%b8-2","status":"publish","type":"page","link":"https:\/\/hoteltarsis.com\/ro\/%d1%81%d0%bf%d0%b5%d1%86%d0%b8%d0%b0%d0%bb%d0%bd%d0%b8-%d0%bf%d0%b0%d0%ba%d0%b5%d1%82%d0%b8-2\/","title":{"rendered":"Special &#8220;All inclusive&#8221; packages"},"content":{"rendered":"<p>[vc_row][vc_column]<div class=\"title-wrapper  basel-title-color-default basel-title-style-default basel-title-size-default text-left \"><span class=\"title-subtitle font-default\">Special All inclusive packages<\/span><div class=\"liner-continer\"> <span class=\"left-line\"><\/span> <h4 class=\"title\" >Pachete speciale<span class=\"title-separator\"><span><\/span><\/span><\/h4> <span class=\"right-line\"><\/span> <\/div><\/div>[\/vc_column][\/vc_row][vc_row][vc_column][vc_empty_space height=&#8221;70&#8243;][\/vc_column][\/vc_row][vc_row][vc_column width=&#8221;1\/3&#8243;][vc_empty_space][vc_column_text]<\/p>\n<h3 style=\"text-align: center;\">Luna de miere<\/h3>\n<p>[\/vc_column_text][vc_single_image image=&#8221;25&#8243; img_size=&#8221;full&#8221; alignment=&#8221;center&#8221;][vc_single_image image=&#8221;972&#8243; img_size=&#8221;full&#8221; alignment=&#8221;center&#8221; onclick=&#8221;zoom&#8221;][vc_column_text]<strong>\u00a0 \u00a0Package includes:<\/strong><\/p>\n<ul>\n<li><span style=\"font-weight: 400;\">\u0218edere minim\u0103 &#8211; 10 nop\u021bi Pentru perioada 18.06-01.09 \u00eentr-o camer\u0103 dubl\u0103 \/ twin Pachetul include:<\/span><\/li>\n<li><span style=\"font-weight: 400;\"> Un pachet complet incluziv<\/span><\/li>\n<li><span style=\"font-weight: 400;\">Voucher pentru un restaurant A la Carte<\/span><\/li>\n<li><span style=\"font-weight: 400;\">Amenities &amp; Deco special \u00een camer\u0103<\/span><\/li>\n<li><span style=\"font-weight: 400;\">10% voucher pentru clubul de noapte<\/span><\/li>\n<li><span style=\"font-weight: 400;\">Transfer gratuit de la aeroport<\/span><\/li>\n<li><span style=\"font-weight: 400;\">Transfer gratuit de la \u0219i la plaj\u0103<\/span><\/li>\n<li><span style=\"font-weight: 400;\">1050 EURO<\/span><\/li>\n<\/ul>\n<p>[\/vc_column_text][vc_empty_space height=&#8221;42px&#8221;][\/vc_column][vc_column width=&#8221;1\/3&#8243;][vc_empty_space][vc_column_text]<\/p>\n<h3 style=\"text-align: center;\"><span style=\"font-weight: 400;\">\u00a0Pentru vacan\u021ba de familie\u00a0<\/span><\/h3>\n<p>[\/vc_column_text][vc_single_image image=&#8221;25&#8243; img_size=&#8221;full&#8221; alignment=&#8221;center&#8221;][vc_single_image image=&#8221;969&#8243; img_size=&#8221;full&#8221; alignment=&#8221;center&#8221; onclick=&#8221;zoom&#8221;][vc_column_text]<strong>\u00a0 \u00a0 \u00a0 \u00a0&#8221; <span style=\"font-family: Consolas, Monaco, monospace;\">Pachetul complet&#8221; Include<\/span><\/strong><\/p>\n<div id=\"tw-target-text-container\" class=\"gsrt tw-nfl tw-ta-container\">\n<ul>\n<li><span style=\"font-weight: 400;\">7 nop\u021bi Pentru perioada 18.06-01.09 \u00eentr-un apartament dublu \/ un pat<\/span><\/li>\n<li><span style=\"font-weight: 400;\">Toate pachetul incluziv<\/span><\/li>\n<li><span style=\"font-weight: 400;\">Voucher pentru A la Carte<\/span><\/li>\n<li><span style=\"font-weight: 400;\">Voucher pentru b\u0103uturi gratuite-cump\u0103ra 1 ob\u021bine 1<\/span><\/li>\n<li><span style=\"font-weight: 400;\">\u00a0Autobuzul de transfer gratuit \u0219i de la plaj\u0103<\/span><\/li>\n<li><span style=\"font-weight: 400;\">Transport gratuit de la \u0219i la aeroport<\/span><\/li>\n<li><span style=\"font-weight: 400;\">5% reducere pentru \u00eenchirierea unei ma\u0219ini<\/span><\/li>\n<li><span style=\"font-weight: 400;\">925 EURO<\/span><\/li>\n<\/ul>\n<\/div>\n<p>[\/vc_column_text][vc_empty_space height=&#8221;42px&#8221;][\/vc_column][vc_column width=&#8221;1\/3&#8243;][vc_empty_space][vc_column_text]<\/p>\n<h3 style=\"text-align: center;\"><span style=\"font-weight: 400;\">2 sau 3 nop\u021bi + All inclusive<\/span><\/h3>\n<p>[\/vc_column_text][vc_single_image image=&#8221;25&#8243; img_size=&#8221;full&#8221; alignment=&#8221;center&#8221;][vc_single_image image=&#8221;963&#8243; img_size=&#8221;full&#8221; alignment=&#8221;center&#8221; onclick=&#8221;zoom&#8221;][vc_column_text]<strong>\u00a0 2 sau 3 nop\u021bi \u00a0package includes:<\/strong><\/p>\n<ul>\n<li><span style=\"font-weight: 400;\">\u0218edere minim\u0103 &#8211; 10 nop\u021bi<\/span><\/li>\n<li><span style=\"font-weight: 400;\">Pentru perioada 18.06-01.09 \u00eentr-o camer\u0103 dubl\u0103 \/ twin<\/span><\/li>\n<li><span style=\"font-weight: 400;\">ransfer gratuit de la \u0219i la aeroport<\/span><\/li>\n<li><span style=\"font-weight: 400;\">Un pachet complet incluziv<\/span><\/li>\n<li><span style=\"font-weight: 400;\">10% reducere pentru restaurantul A la Carte<\/span><\/li>\n<li><span style=\"font-weight: 400;\">Transfer gratuit de la \u0219i spre plaj\u0103<\/span><\/li>\n<li><span style=\"font-weight: 400;\">2 NOPTI &#8211; 238 EURO<\/span><\/li>\n<li><span style=\"font-weight: 400;\">3 NOPTI &#8211; 332 EURO<\/span><\/li>\n<\/ul>\n<p>[\/vc_column_text][vc_empty_space height=&#8221;42px&#8221;][\/vc_column][\/vc_row][vc_row][vc_column width=&#8221;1\/3&#8243;][vc_raw_html]JTNDYSUyMGhyZWYlM0QlMjdodHRwcyUzQSUyRiUyRnNreS1ldTEuY2xvY2stc29mdHdhcmUuY29tJTJGNjI4NTMlMkYxMDM3OSUyRndiZSUyRnByb2R1Y3RzJTJGbmV3JTI3JTIwdGFyZ2V0JTNEJTI3X2JsYW5rJTI3JTNFJTNDaW1nJTIwc3JjJTNEJTI3JTJGJTJGZDJqazN2d2VheDZ3NzUuY2xvdWRmcm9udC5uZXQlMkZib29rX25vd19idG4ucG5nJTI3JTNFJTNDJTJGaW1nJTNFJTNDJTJGYSUzRSUwQQ==[\/vc_raw_html][\/vc_column][vc_column width=&#8221;1\/3&#8243;][vc_raw_html]JTNDYSUyMGhyZWYlM0QlMjdodHRwcyUzQSUyRiUyRnNreS1ldTEuY2xvY2stc29mdHdhcmUuY29tJTJGNjI4NTMlMkYxMDM3OSUyRndiZSUyRnByb2R1Y3RzJTJGbmV3JTI3JTIwdGFyZ2V0JTNEJTI3X2JsYW5rJTI3JTNFJTNDaW1nJTIwc3JjJTNEJTI3JTJGJTJGZDJqazN2d2VheDZ3NzUuY2xvdWRmcm9udC5uZXQlMkZib29rX25vd19idG4ucG5nJTI3JTNFJTNDJTJGaW1nJTNFJTNDJTJGYSUzRSUwQQ==[\/vc_raw_html][\/vc_column][vc_column width=&#8221;1\/3&#8243;][vc_raw_html]JTNDYSUyMGhyZWYlM0QlMjdodHRwcyUzQSUyRiUyRnNreS1ldTEuY2xvY2stc29mdHdhcmUuY29tJTJGNjI4NTMlMkYxMDM3OSUyRndiZSUyRnByb2R1Y3RzJTJGbmV3JTI3JTIwdGFyZ2V0JTNEJTI3X2JsYW5rJTI3JTNFJTNDaW1nJTIwc3JjJTNEJTI3JTJGJTJGZDJqazN2d2VheDZ3NzUuY2xvdWRmcm9udC5uZXQlMkZib29rX25vd19idG4ucG5nJTI3JTNFJTNDJTJGaW1nJTNFJTNDJTJGYSUzRSUwQQ==[\/vc_raw_html][\/vc_column][\/vc_row]<\/p>\n","protected":false},"excerpt":{"rendered":"<p>[vc_row][vc_column][\/vc_column][\/vc_row][vc_row][vc_column][vc_empty_space height=&#8221;70&#8243;][\/vc_column][\/vc_row][vc_row][vc_column width=&#8221;1\/3&#8243;][vc_empty_space][vc_column_text] Luna de miere [\/vc_column_text][vc_single_image image=&#8221;25&#8243; img_size=&#8221;full&#8221; alignment=&#8221;center&#8221;][vc_single_image image=&#8221;972&#8243; img_size=&#8221;full&#8221; alignment=&#8221;center&#8221; onclick=&#8221;zoom&#8221;][vc_column_text]\u00a0 \u00a0Package includes: \u0218edere minim\u0103 &#8211; 10<\/p>\n","protected":false},"author":1,"featured_media":0,"parent":0,"menu_order":0,"comment_status":"closed","ping_status":"closed","template":"","meta":{"footnotes":""},"class_list":["post-1197","page","type-page","status-publish","hentry"],"aioseo_notices":[],"_links":{"self":[{"href":"https:\/\/hoteltarsis.com\/ro\/wp-json\/wp\/v2\/pages\/1197","targetHints":{"allow":["GET"]}}],"collection":[{"href":"https:\/\/hoteltarsis.com\/ro\/wp-json\/wp\/v2\/pages"}],"about":[{"href":"https:\/\/hoteltarsis.com\/ro\/wp-json\/wp\/v2\/types\/page"}],"author":[{"embeddable":true,"href":"https:\/\/hoteltarsis.com\/ro\/wp-json\/wp\/v2\/users\/1"}],"replies":[{"embeddable":true,"href":"https:\/\/hoteltarsis.com\/ro\/wp-json\/wp\/v2\/comments?post=1197"}],"version-history":[{"count":0,"href":"https:\/\/hoteltarsis.com\/ro\/wp-json\/wp\/v2\/pages\/1197\/revisions"}],"wp:attachment":[{"href":"https:\/\/hoteltarsis.com\/ro\/wp-json\/wp\/v2\/media?parent=1197"}],"curies":[{"name":"wp","href":"https:\/\/api.w.org\/{rel}","templated":true}]}}