{"id":1171,"date":"2019-03-28T11:41:39","date_gmt":"2019-03-28T11:41:39","guid":{"rendered":"https:\/\/dev30sc.tobecode.com\/?page_id=1171"},"modified":"2019-04-05T13:11:15","modified_gmt":"2019-04-05T13:11:15","slug":"food-and-drinks","status":"publish","type":"page","link":"https:\/\/hoteltarsis.com\/ro\/food-and-drinks\/","title":{"rendered":"Food and Drinks"},"content":{"rendered":"<p>[vc_row][vc_column]<div class=\"title-wrapper  basel-title-color-default basel-title-style-default basel-title-size-default text-left \"><span class=\"title-subtitle font-default\">After a few days in Sunny beach inevitably comes the moment, in which you instinctively start looking for place, somewhere where you can escape from the noise and the dynamics of the resort, which never sleeps. The catering facilities located in Tarsis Club are just the right place.<\/span><div class=\"liner-continer\"> <span class=\"left-line\"><\/span> <h4 class=\"title\" >Food and Drinks<span class=\"title-separator\"><span><\/span><\/span><\/h4> <span class=\"right-line\"><\/span> <\/div><\/div>[vc_empty_space][\/vc_column][\/vc_row][vc_row][vc_column width=&#8221;1\/3&#8243;][vc_empty_space][vc_column_text]<\/p>\n<h3 style=\"text-align: center;\"><b>Club Nou<\/b><\/h3>\n<p>[\/vc_column_text][vc_single_image image=&#8221;25&#8243; img_size=&#8221;full&#8221; alignment=&#8221;center&#8221;][vc_images_carousel images=&#8221;1562,1566&#8243; img_size=&#8221;large&#8221; autoplay=&#8221;yes&#8221; hide_pagination_control=&#8221;yes&#8221; hide_prev_next_buttons=&#8221;yes&#8221; wrap=&#8221;yes&#8221; spaces=&#8221;yes&#8221;][vc_column_text]<span style=\"font-weight: 400;\">Dac\u0103 v\u0103 considera\u021bi o bufni\u021b\u0103 de noapte \u0219i un fluture social, atunci clubul nostru de noapte poate fi locul potrivit.<\/span>[\/vc_column_text][\/vc_column][vc_column width=&#8221;1\/3&#8243;][vc_empty_space][vc_column_text]<\/p>\n<h3 style=\"text-align: center;\"><b>Bar la Piscin\u0103<\/b><\/h3>\n<p>[\/vc_column_text][vc_single_image image=&#8221;25&#8243; img_size=&#8221;full&#8221; alignment=&#8221;center&#8221;][vc_images_carousel images=&#8221;1387,1395,1407&#8243; img_size=&#8221;large&#8221; autoplay=&#8221;yes&#8221; hide_pagination_control=&#8221;yes&#8221; hide_prev_next_buttons=&#8221;yes&#8221; wrap=&#8221;yes&#8221; spaces=&#8221;yes&#8221;][vc_column_text]<i><span style=\"font-weight: 400;\">Nici m\u0103car nu trebuie s\u0103 p\u0103r\u0103si\u021bi piscina pentru a servi un cocktail &#8230; Barul de la piscin\u0103 ofer\u0103 o gam\u0103 larg\u0103 de b\u0103uturi alcoolice bulg\u0103re\u0219ti, shake-uri, b\u0103uturi r\u0103coritoare \u0219i cocktail-uri pentru fiecare gust.<\/span><\/i>[\/vc_column_text][\/vc_column][vc_column width=&#8221;1\/3&#8243;][vc_empty_space][vc_column_text]<\/p>\n<h3 style=\"text-align: center;\"><b>Restaurantul<\/b> <b>A la carte<\/b><\/h3>\n<p>[\/vc_column_text][vc_single_image image=&#8221;25&#8243; img_size=&#8221;full&#8221; alignment=&#8221;center&#8221;][vc_images_carousel images=&#8221;2068,2064&#8243; img_size=&#8221;large&#8221; autoplay=&#8221;yes&#8221; hide_pagination_control=&#8221;yes&#8221; hide_prev_next_buttons=&#8221;yes&#8221; wrap=&#8221;yes&#8221; spaces=&#8221;yes&#8221;][vc_column_text]<i><span style=\"font-weight: 400;\">\u00cen apropierea \u00a0piscinei se afl\u0103 \u00a0este <\/span><\/i><b><i>Restaurantul A la Carte<\/i><\/b><i><span style=\"font-weight: 400;\">, unde v\u0103 pute\u021bi al\u0103tura oaspe\u021biilor nostrii la petrecerea Serii White Night. Alege\u021bi din meniul creat special de c\u0103tre \u0219eful nostru buc\u0103tar. Pentru mai multe informa\u021bii \u0219i rezerv\u0103ri, adresa\u021bi-v\u0103 Recep\u021biei.<\/span><\/i>[\/vc_column_text][\/vc_column][\/vc_row]<\/p>\n","protected":false},"excerpt":{"rendered":"<p>[vc_row][vc_column][vc_empty_space][\/vc_column][\/vc_row][vc_row][vc_column width=&#8221;1\/3&#8243;][vc_empty_space][vc_column_text] Club Nou [\/vc_column_text][vc_single_image image=&#8221;25&#8243; img_size=&#8221;full&#8221; alignment=&#8221;center&#8221;][vc_images_carousel images=&#8221;1562,1566&#8243; img_size=&#8221;large&#8221; autoplay=&#8221;yes&#8221; hide_pagination_control=&#8221;yes&#8221; hide_prev_next_buttons=&#8221;yes&#8221; wrap=&#8221;yes&#8221; spaces=&#8221;yes&#8221;][vc_column_text]Dac\u0103 v\u0103 considera\u021bi o bufni\u021b\u0103 de<\/p>\n","protected":false},"author":1,"featured_media":0,"parent":0,"menu_order":0,"comment_status":"closed","ping_status":"closed","template":"","meta":{"footnotes":""},"class_list":["post-1171","page","type-page","status-publish","hentry"],"aioseo_notices":[],"_links":{"self":[{"href":"https:\/\/hoteltarsis.com\/ro\/wp-json\/wp\/v2\/pages\/1171","targetHints":{"allow":["GET"]}}],"collection":[{"href":"https:\/\/hoteltarsis.com\/ro\/wp-json\/wp\/v2\/pages"}],"about":[{"href":"https:\/\/hoteltarsis.com\/ro\/wp-json\/wp\/v2\/types\/page"}],"author":[{"embeddable":true,"href":"https:\/\/hoteltarsis.com\/ro\/wp-json\/wp\/v2\/users\/1"}],"replies":[{"embeddable":true,"href":"https:\/\/hoteltarsis.com\/ro\/wp-json\/wp\/v2\/comments?post=1171"}],"version-history":[{"count":0,"href":"https:\/\/hoteltarsis.com\/ro\/wp-json\/wp\/v2\/pages\/1171\/revisions"}],"wp:attachment":[{"href":"https:\/\/hoteltarsis.com\/ro\/wp-json\/wp\/v2\/media?parent=1171"}],"curies":[{"name":"wp","href":"https:\/\/api.w.org\/{rel}","templated":true}]}}