{"id":1131,"date":"2019-03-14T07:23:14","date_gmt":"2019-03-14T07:23:14","guid":{"rendered":"https:\/\/dev30sc.tobecode.com\/transfers\/"},"modified":"2019-04-12T11:42:00","modified_gmt":"2019-04-12T11:42:00","slug":"transfers-2","status":"publish","type":"page","link":"https:\/\/hoteltarsis.com\/ro\/transfers-2\/","title":{"rendered":"Transfer Aeroport"},"content":{"rendered":"<p>[vc_row][vc_column]<div class=\"title-wrapper  basel-title-color-default basel-title-style-default basel-title-size-default text-center \"><span class=\"title-subtitle font-default\">Servicii de transfer<\/span><div class=\"liner-continer\"> <span class=\"left-line\"><\/span> <h4 class=\"title\" >Transfer aeroport<span class=\"title-separator\"><span><\/span><\/span><\/h4> <span class=\"right-line\"><\/span> <\/div><\/div>[\/vc_column][\/vc_row][vc_row][vc_column width=&#8221;1\/6&#8243;][\/vc_column][vc_column width=&#8221;2\/3&#8243;][vc_empty_space][vc_single_image image=&#8221;25&#8243; img_size=&#8221;full&#8221; alignment=&#8221;center&#8221;][vc_single_image image=&#8221;197&#8243; img_size=&#8221;large&#8221; alignment=&#8221;center&#8221; onclick=&#8221;zoom&#8221;][vc_column_text]<\/p>\n<ul>\n<li style=\"text-align: left;\"><span style=\"font-weight: 400;\">Transferul de la o destina\u021bie la alta este un serviciu care este utilizat pentru transportul de pasageri \u0219i bagaje cu un automobil sau microbuz de companie.<\/span><\/li>\n<li style=\"text-align: left;\"><span style=\"font-weight: 400;\">Transferul de la aeroport este un serviciu al companiei, care variaz\u0103 \u00een func\u021bie de pre\u021b \u00een func\u021bie de aeroportul de sosire \u0219i de destina\u021bia final\u0103 pe care dori\u021bi s\u0103 ajunge\u021bi, precum \u0219i \u00een func\u021bie de ma\u0219ina cu care dori\u021bi s\u0103 se \u00eencheie transferul.<\/span><\/li>\n<li style=\"text-align: left;\">V\u0103 rug\u0103m s\u0103 contacta\u021bi hotelul pentru a v\u0103 aranja transferul \u0219i pentru a solicita o list\u0103 de pre\u021buri.<\/li>\n<\/ul>\n<p>[\/vc_column_text][vc_empty_space][vc_column_text]<\/p>\n<h3 style=\"text-align: center;\">Cerere de transfer<\/h3>\n<p>[\/vc_column_text][vc_single_image image=&#8221;25&#8243; img_size=&#8221;full&#8221; alignment=&#8221;center&#8221;]<p class=\"wpcf7-contact-form-not-found\"><strong>Eroare:<\/strong> Nu am g\u0103sit formularul de contact.<\/p>[\/vc_column][vc_column width=&#8221;1\/6&#8243;][\/vc_column][\/vc_row]<\/p>\n","protected":false},"excerpt":{"rendered":"<p>[vc_row][vc_column][\/vc_column][\/vc_row][vc_row][vc_column width=&#8221;1\/6&#8243;][\/vc_column][vc_column width=&#8221;2\/3&#8243;][vc_empty_space][vc_single_image image=&#8221;25&#8243; img_size=&#8221;full&#8221; alignment=&#8221;center&#8221;][vc_single_image image=&#8221;197&#8243; img_size=&#8221;large&#8221; alignment=&#8221;center&#8221; onclick=&#8221;zoom&#8221;][vc_column_text] Transferul de la o destina\u021bie la alta este un serviciu<\/p>\n","protected":false},"author":1,"featured_media":0,"parent":0,"menu_order":0,"comment_status":"closed","ping_status":"closed","template":"","meta":{"footnotes":""},"class_list":["post-1131","page","type-page","status-publish","hentry"],"aioseo_notices":[],"_links":{"self":[{"href":"https:\/\/hoteltarsis.com\/ro\/wp-json\/wp\/v2\/pages\/1131","targetHints":{"allow":["GET"]}}],"collection":[{"href":"https:\/\/hoteltarsis.com\/ro\/wp-json\/wp\/v2\/pages"}],"about":[{"href":"https:\/\/hoteltarsis.com\/ro\/wp-json\/wp\/v2\/types\/page"}],"author":[{"embeddable":true,"href":"https:\/\/hoteltarsis.com\/ro\/wp-json\/wp\/v2\/users\/1"}],"replies":[{"embeddable":true,"href":"https:\/\/hoteltarsis.com\/ro\/wp-json\/wp\/v2\/comments?post=1131"}],"version-history":[{"count":0,"href":"https:\/\/hoteltarsis.com\/ro\/wp-json\/wp\/v2\/pages\/1131\/revisions"}],"wp:attachment":[{"href":"https:\/\/hoteltarsis.com\/ro\/wp-json\/wp\/v2\/media?parent=1131"}],"curies":[{"name":"wp","href":"https:\/\/api.w.org\/{rel}","templated":true}]}}